{"id":320,"date":"2020-12-29T11:42:03","date_gmt":"2020-12-29T10:42:03","guid":{"rendered":"http:\/\/www.huiu.hr\/indisplodovi\/?page_id=320"},"modified":"2020-12-30T09:18:27","modified_gmt":"2020-12-30T08:18:27","slug":"donatori-edukativnih-aktivnosti","status":"publish","type":"page","link":"http:\/\/www.huiu.hr\/indisplodovi\/donatori-edukativnih-aktivnosti\/","title":{"rendered":"Donatori edukativnih aktivnosti"},"content":{"rendered":"<!--themify_builder_content-->\n<div id=\"themify_builder_content-320\" data-postid=\"320\" class=\"themify_builder_content themify_builder_content-320 themify_builder tf_clear\">\n    \t\t\t<!-- module_row -->\n\t<div  data-lazy=\"1\" class=\"module_row themify_builder_row tb_vd47228 tb_first tf_w tf_clearfix\">\n\t    \t\t\t<div class=\"row_inner gutter-narrow col_align_top tb_col_count_1 tf_box tf_rel\">\n\t\t            <div  data-lazy=\"1\" class=\"module_column tb-column col-full tb_kt7y229 first\">\n                                                        <div class=\"tb-column-inner tf_box tf_w\">\n                        \t<div  data-lazy=\"1\" class=\"module_subrow themify_builder_sub_row tb_9h60562 tf_w tf_clearfix\">\n\t    \t\t\t<div class=\"subrow_inner col_align_top tb_col_count_2 tf_box tf_w\">\n\t\t            <div  data-lazy=\"1\" class=\"module_column sub_column col2-1 tb_7mir562 first\">\n                                                <\/div>\n                        <div  data-lazy=\"1\" class=\"module_column sub_column col2-1 tb_e5uk562 last\">\n                                                        <div class=\"tb-column-inner tf_box tf_w\">\n                        <!-- module fancy heading -->\n<div  class=\"module module-fancy-heading tb_7q9s986 \" data-lazy=\"1\">\n        <h1 class=\"fancy-heading tf_textl\">\n    <span class=\"main-head tf_block\">\n\t\t\t\t\tDonatori edukativnih aktivnosti\t\t    <\/span>\n\n\t\n    <span class=\"sub-head tf_block tf_rel\">\n\t\t\t\t\t\t\t    <\/span>\n    <\/h1>\n<\/div>\n<!-- \/module fancy heading -->\n                    <\/div>\n                            <\/div>\n            \t    <\/div>\n\t<\/div><!-- \/themify_builder_sub_row -->\n\t\t<div  data-lazy=\"1\" class=\"module_subrow themify_builder_sub_row tb_c7ly877 tf_w tf_clearfix\">\n\t    \t\t\t<div class=\"subrow_inner gutter-narrow col_align_middle tb_col_count_3 tf_box tf_w\">\n\t\t            <div  data-lazy=\"1\" class=\"module_column sub_column col3-1 tb_7thr878 first\">\n                                                        <div class=\"tb-column-inner tf_box tf_w\">\n                        <!-- module image -->\n<div  class=\"module module-image tb_behu198   image-top tf_mw\" data-lazy=\"1\">\n        <div class=\"image-wrap tf_rel tf_mw\">\n\t\t    <img loading=\"lazy\" decoding=\"async\" width=\"500\" height=\"500\" src=\"http:\/\/www.huiu.hr\/indisplodovi\/wp-content\/uploads\/2020\/12\/Za_donatore.jpg\" class=\"wp-post-image wp-image-324\" title=\"Za_donatore\" alt=\"Radionica polaroid fotografije\" srcset=\"http:\/\/www.huiu.hr\/indisplodovi\/wp-content\/uploads\/2020\/12\/Za_donatore.jpg 500w, http:\/\/www.huiu.hr\/indisplodovi\/wp-content\/uploads\/2020\/12\/Za_donatore-300x300.jpg 300w, http:\/\/www.huiu.hr\/indisplodovi\/wp-content\/uploads\/2020\/12\/Za_donatore-150x150.jpg 150w\" sizes=\"auto, (max-width: 500px) 100vw, 500px\" \/>\t\n\t\t<\/div>\n\t<!-- \/image-wrap -->\n    \n    \t<\/div>\n<!-- \/module image -->                    <\/div>\n                            <\/div>\n                        <div  data-lazy=\"1\" class=\"module_column sub_column col3-1 tb_wlly878\">\n                                                        <div class=\"tb-column-inner tf_box tf_w\">\n                        <!-- module text -->\n<div  class=\"module module-text tb_fyl7995   \" data-lazy=\"1\">\n        <div  class=\"tb_text_wrap\">\n    <h5>Dragi filantropi\/donatori,<\/h5>\n<p>Filantropija je\u00a0<strong>na\u010delo \u010dovjekoljublja, dobrotvornosti i dobrohotnosti.\u00a0Filantrop je osoba koja sustavno \u017eeli pomagati ljudima<\/strong>\u00a0da razviju svoje sposobnosti. Filantropija mo\u017ee biti\u00a0<strong>individualna, grupna i korporativna<\/strong>, a aspekt koji je va\u017ean i u skladu s dana\u0161njim trendovima odnosi se na upravljanje donacijama, bile one financijske ili proizvodi i usluge. Danas se korporativnom filantropijom razvija strate\u0161ki, odnosno tr\u017ei\u0161no usmjeren pristup koji se temelji na znanju i pove\u0107anju u\u010dinka.<\/p>\n<p>Prema Zakonu o porezu na dobit RH donacije se smatraju <strong>porezno priznatim tros\u030ckom <\/strong>uz uvjet da donacija nije ve\u0107a od 2% od ukupno iskazanog prihoda prethodne godine<strong>. <\/strong>Sukladno tome, pozivamo vas da uz pomo\u0107 ove platforme odaberete jednu od ponu\u0111enih besplatnih radionica za djecu i mlade kojoj \u017eelite pomo\u0107i svojom donacijom. Va\u0161a donacija mo\u017ee biti u naravi, primjerice, materijal za odr\u017eavanje radionice, ili u novcu.<\/p>\n<p>Svakako nas kontaktirajte i hvala unaprijed na va\u0161oj donaciji.\u00a0 <\/p>    <\/div>\n<\/div>\n<!-- \/module text -->                    <\/div>\n                            <\/div>\n                        <div  data-lazy=\"1\" class=\"module_column sub_column col3-1 tb_x0ib268 last\">\n                                                <\/div>\n            \t    <\/div>\n\t<\/div><!-- \/themify_builder_sub_row -->\n\t\t<div  data-lazy=\"1\" class=\"module_subrow themify_builder_sub_row tb_3poo236 tf_w tf_clearfix\">\n\t    \t\t\t<div class=\"subrow_inner col_align_top tb_col_count_2 tf_box tf_w\">\n\t\t            <div  data-lazy=\"1\" class=\"module_column sub_column col4-3 tb_iflb237 first\">\n                                                        <div class=\"tb-column-inner tf_box tf_w\">\n                        <!-- module text -->\n<div  class=\"module module-text tb_kxxb367   \" data-lazy=\"1\">\n        <div  class=\"tb_text_wrap\">\n    <h4>Za sve informacije slobodno nas kontaktirajte na:<\/h4>    <\/div>\n<\/div>\n<!-- \/module text --><!-- module icon -->\n<div  class=\"module module-icon tb_g3b5723  normal circle icon_horizontal \" data-lazy=\"1\">\n        <div class=\"module-icon-item\">\n\t    \t\t<a href=\"mailto: info@huiu.hr\">\n\t    \t\t\t\t\t\t    <em class=\"tf_box transparent\"><svg  class=\"tf_fa tf-ti-email\" aria-hidden=\"true\"><use href=\"#tf-ti-email\"><\/use><\/svg><\/em>\n\t\t\t\t\t\t    \t    \t    <span>info@huiu.hr<\/span>\n\t\t    \t\t\t\t\t\t<\/a>\n\t\t        <\/div>\n\t<\/div>\n<!-- \/module icon -->\n<!-- module text -->\n<div  class=\"module module-text tb_zmzp884   \" data-lazy=\"1\">\n        <div  class=\"tb_text_wrap\">\n    <h5>ili putem telefona na<\/h5>    <\/div>\n<\/div>\n<!-- \/module text --><!-- module icon -->\n<div  class=\"module module-icon tb_n71o277  normal circle icon_horizontal tf_textl\" data-lazy=\"1\">\n        <div class=\"module-icon-item\">\n\t    \t\t\t\t\t\t    <em class=\"tf_box transparent\"><svg  class=\"tf_fa tf-ti-mobile\" aria-hidden=\"true\"><use href=\"#tf-ti-mobile\"><\/use><\/svg><\/em>\n\t\t\t\t\t\t    \t    \t    <span>+385 91 5917969 - Rudija<\/span>\n\t\t    \t\t\t\t        <\/div>\n\t<\/div>\n<!-- \/module icon -->\n                    <\/div>\n                            <\/div>\n                        <div  data-lazy=\"1\" class=\"module_column sub_column col4-1 tb_zc5v237 last\">\n                                                <\/div>\n            \t    <\/div>\n\t<\/div><!-- \/themify_builder_sub_row -->\n\t                    <\/div>\n                            <\/div>\n            \t    <\/div>\n\t    <!-- \/row_inner -->\n\t<\/div>\n\t<!-- \/module_row -->\n\t<\/div>\n<!--\/themify_builder_content-->","protected":false},"excerpt":{"rendered":"<p>Donatori edukativnih aktivnosti Dragi filantropi\/donatori, Filantropija je\u00a0na\u010delo \u010dovjekoljublja, dobrotvornosti i dobrohotnosti.\u00a0Filantrop je osoba koja sustavno \u017eeli pomagati ljudima\u00a0da razviju svoje sposobnosti. Filantropija mo\u017ee biti\u00a0individualna, grupna i korporativna, a aspekt koji je va\u017ean i u skladu s dana\u0161njim trendovima odnosi se na upravljanje donacijama, bile one financijske ili proizvodi i usluge. Danas se korporativnom filantropijom razvija [&hellip;]<\/p>\n","protected":false},"author":1,"featured_media":0,"parent":0,"menu_order":0,"comment_status":"closed","ping_status":"closed","template":"","meta":{"footnotes":""},"class_list":["post-320","page","type-page","status-publish","hentry","has-post-title","has-post-date","has-post-category","has-post-tag","has-post-comment","has-post-author",""],"builder_content":"<h1>Donatori edukativnih aktivnosti<br\/><\/h1>\n<img src=\"http:\/\/www.huiu.hr\/indisplodovi\/wp-content\/uploads\/2020\/12\/Za_donatore.jpg\" title=\"Za_donatore\" alt=\"Radionica polaroid fotografije\" srcset=\"http:\/\/www.huiu.hr\/indisplodovi\/wp-content\/uploads\/2020\/12\/Za_donatore.jpg 500w, http:\/\/www.huiu.hr\/indisplodovi\/wp-content\/uploads\/2020\/12\/Za_donatore-300x300.jpg 300w, http:\/\/www.huiu.hr\/indisplodovi\/wp-content\/uploads\/2020\/12\/Za_donatore-150x150.jpg 150w\" sizes=\"(max-width: 500px) 100vw, 500px\" \/>\n<h5>Dragi filantropi\/donatori,<\/h5> <p>Filantropija je\u00a0<strong>na\u010delo \u010dovjekoljublja, dobrotvornosti i dobrohotnosti.\u00a0Filantrop je osoba koja sustavno \u017eeli pomagati ljudima<\/strong>\u00a0da razviju svoje sposobnosti. Filantropija mo\u017ee biti\u00a0<strong>individualna, grupna i korporativna<\/strong>, a aspekt koji je va\u017ean i u skladu s dana\u0161njim trendovima odnosi se na upravljanje donacijama, bile one financijske ili proizvodi i usluge. Danas se korporativnom filantropijom razvija strate\u0161ki, odnosno tr\u017ei\u0161no usmjeren pristup koji se temelji na znanju i pove\u0107anju u\u010dinka.<\/p> <p>Prema Zakonu o porezu na dobit RH donacije se smatraju <strong>porezno priznatim tros\u030ckom <\/strong>uz uvjet da donacija nije ve\u0107a od 2% od ukupno iskazanog prihoda prethodne godine<strong>. <\/strong>Sukladno tome, pozivamo vas da uz pomo\u0107 ove platforme odaberete jednu od ponu\u0111enih besplatnih radionica za djecu i mlade kojoj \u017eelite pomo\u0107i svojom donacijom. Va\u0161a donacija mo\u017ee biti u naravi, primjerice, materijal za odr\u017eavanje radionice, ili u novcu.<\/p> <p>Svakako nas kontaktirajte i hvala unaprijed na va\u0161oj donaciji.\u00a0 <\/p>\n<h4>Za sve informacije slobodno nas kontaktirajte na:<\/h4>\n<a href=\"mailto: info@huiu.hr\"> <em><svg aria-hidden=\"true\"><use href=\"#tf-ti-email\"><\/use><\/svg><\/em> info@huiu.hr <\/a>\n<h5>ili putem telefona na<\/h5>\n<em><svg aria-hidden=\"true\"><use href=\"#tf-ti-mobile\"><\/use><\/svg><\/em> +385 91 5917969 - Rudija","_links":{"self":[{"href":"http:\/\/www.huiu.hr\/indisplodovi\/wp-json\/wp\/v2\/pages\/320","targetHints":{"allow":["GET"]}}],"collection":[{"href":"http:\/\/www.huiu.hr\/indisplodovi\/wp-json\/wp\/v2\/pages"}],"about":[{"href":"http:\/\/www.huiu.hr\/indisplodovi\/wp-json\/wp\/v2\/types\/page"}],"author":[{"embeddable":true,"href":"http:\/\/www.huiu.hr\/indisplodovi\/wp-json\/wp\/v2\/users\/1"}],"replies":[{"embeddable":true,"href":"http:\/\/www.huiu.hr\/indisplodovi\/wp-json\/wp\/v2\/comments?post=320"}],"version-history":[{"count":9,"href":"http:\/\/www.huiu.hr\/indisplodovi\/wp-json\/wp\/v2\/pages\/320\/revisions"}],"predecessor-version":[{"id":430,"href":"http:\/\/www.huiu.hr\/indisplodovi\/wp-json\/wp\/v2\/pages\/320\/revisions\/430"}],"wp:attachment":[{"href":"http:\/\/www.huiu.hr\/indisplodovi\/wp-json\/wp\/v2\/media?parent=320"}],"curies":[{"name":"wp","href":"https:\/\/api.w.org\/{rel}","templated":true}]}}