{"id":307,"date":"2020-12-29T10:14:29","date_gmt":"2020-12-29T09:14:29","guid":{"rendered":"http:\/\/www.huiu.hr\/indisplodovi\/?page_id=307"},"modified":"2020-12-30T09:16:44","modified_gmt":"2020-12-30T08:16:44","slug":"provoditelji-edukativnih-aktivnosti","status":"publish","type":"page","link":"http:\/\/www.huiu.hr\/indisplodovi\/provoditelji-edukativnih-aktivnosti\/","title":{"rendered":"Provoditelji edukativnih aktivnosti"},"content":{"rendered":"<!--themify_builder_content-->\n<div id=\"themify_builder_content-307\" data-postid=\"307\" class=\"themify_builder_content themify_builder_content-307 themify_builder tf_clear\">\n    \t\t\t<!-- module_row -->\n\t<div  data-lazy=\"1\" class=\"module_row themify_builder_row tb_vd47228 tb_first tf_w tf_clearfix\">\n\t    \t\t\t<div class=\"row_inner gutter-narrow col_align_top tb_col_count_1 tf_box tf_rel\">\n\t\t            <div  data-lazy=\"1\" class=\"module_column tb-column col-full tb_kt7y229 first\">\n                                                        <div class=\"tb-column-inner tf_box tf_w\">\n                        \t<div  data-lazy=\"1\" class=\"module_subrow themify_builder_sub_row tb_2mxk861 tf_w tf_clearfix\">\n\t    \t\t\t<div class=\"subrow_inner col_align_top tb_col_count_2 tf_box tf_w\">\n\t\t            <div  data-lazy=\"1\" class=\"module_column sub_column col2-1 tb_vclk862 first\">\n                                                <\/div>\n                        <div  data-lazy=\"1\" class=\"module_column sub_column col2-1 tb_62jg862 last\">\n                                                        <div class=\"tb-column-inner tf_box tf_w\">\n                        <!-- module fancy heading -->\n<div  class=\"module module-fancy-heading tb_7q9s986 \" data-lazy=\"1\">\n        <h1 class=\"fancy-heading tf_textl\">\n    <span class=\"main-head tf_block\">\n\t\t\t\t\tZa edukatore\t\t    <\/span>\n\n\t\n    <span class=\"sub-head tf_block tf_rel\">\n\t\t\t\t\t\t\t    <\/span>\n    <\/h1>\n<\/div>\n<!-- \/module fancy heading -->\n                    <\/div>\n                            <\/div>\n            \t    <\/div>\n\t<\/div><!-- \/themify_builder_sub_row -->\n\t\t<div  data-lazy=\"1\" class=\"module_subrow themify_builder_sub_row tb_c7ly877 tf_w tf_clearfix\">\n\t    \t\t\t<div class=\"subrow_inner gutter-narrow col_align_middle tb_col_count_3 tf_box tf_w\">\n\t\t            <div  data-lazy=\"1\" class=\"module_column sub_column col3-1 tb_7thr878 first\">\n                                                        <div class=\"tb-column-inner tf_box tf_w\">\n                        <!-- module image -->\n<div  class=\"module module-image tb_behu198   image-top tf_mw\" data-lazy=\"1\">\n        <div class=\"image-wrap tf_rel tf_mw\">\n\t\t    <img loading=\"lazy\" decoding=\"async\" width=\"500\" height=\"500\" src=\"http:\/\/www.huiu.hr\/indisplodovi\/wp-content\/uploads\/2020\/12\/Za_edukatore.jpg\" class=\"wp-post-image wp-image-311\" title=\"Za_edukatore\" alt=\"Provoditelji edukativnih aktivnosti\" srcset=\"http:\/\/www.huiu.hr\/indisplodovi\/wp-content\/uploads\/2020\/12\/Za_edukatore.jpg 500w, http:\/\/www.huiu.hr\/indisplodovi\/wp-content\/uploads\/2020\/12\/Za_edukatore-300x300.jpg 300w, http:\/\/www.huiu.hr\/indisplodovi\/wp-content\/uploads\/2020\/12\/Za_edukatore-150x150.jpg 150w\" sizes=\"auto, (max-width: 500px) 100vw, 500px\" \/>\t\n\t\t<\/div>\n\t<!-- \/image-wrap -->\n    \n    \t<\/div>\n<!-- \/module image -->                    <\/div>\n                            <\/div>\n                        <div  data-lazy=\"1\" class=\"module_column sub_column col3-1 tb_wlly878\">\n                                                        <div class=\"tb-column-inner tf_box tf_w\">\n                        <!-- module text -->\n<div  class=\"module module-text tb_fyl7995   \" data-lazy=\"1\">\n        <div  class=\"tb_text_wrap\">\n    <h5>Dragi edukatori,<\/h5>\n<p>digitalna platforma IN DIS PLODOVI osmi\u0161ljena je da bi vam pomogla u promociji va\u0161eg rada te vam omogu\u0107ila lak\u0161i kontakt s budu\u0107im polaznicima edukativnih radionica. Platforma nije isklju\u010divo namijenjena edukatorima koji su ujedno i \u010dlanovi HUiU. Ba\u0161 suprotno, namijenjena je svim kultuno-umjetni\u010dkim djelatnicima koji rade s djecom i mladima, ali nemaju, primjerice, prostorne uvjete ili opremu potrebnu za odr\u017eavanje edukativnih radionica.<\/p>\n<p>I zato, po\u0161aljite nam putem ovog obrasca kratak sadr\u017eaj edukativnih radionica koje biste \u017eeljeli provoditi u prostoru HUiU-a. \u00a0Nakon \u0161to razmotrimo va\u0161u prijavu, javit \u0107emo vam se i u suradnji s vama dogovoriti na\u010din promocije i vrijeme odr\u017eavanja va\u0161e radionice.<\/p>    <\/div>\n<\/div>\n<!-- \/module text -->                    <\/div>\n                            <\/div>\n                        <div  data-lazy=\"1\" class=\"module_column sub_column col3-1 tb_x0ib268 last\">\n                                                <\/div>\n            \t    <\/div>\n\t<\/div><!-- \/themify_builder_sub_row -->\n\t\t<div  data-lazy=\"1\" class=\"module_subrow themify_builder_sub_row tb_3poo236 tf_w tf_clearfix\">\n\t    \t\t\t<div class=\"subrow_inner col_align_top tb_col_count_2 tf_box tf_w\">\n\t\t            <div  data-lazy=\"1\" class=\"module_column sub_column col4-3 tb_iflb237 first\">\n                                                        <div class=\"tb-column-inner tf_box tf_w\">\n                        <!-- module text -->\n<div  class=\"module module-text tb_ip0e560   \" data-lazy=\"1\">\n        <div  class=\"tb_text_wrap\">\n    <div class=\"wpforms-container wpforms-container-full\" id=\"wpforms-313\"><form id=\"wpforms-form-313\" class=\"wpforms-validate wpforms-form wpforms-ajax-form\" data-formid=\"313\" method=\"post\" enctype=\"multipart\/form-data\" action=\"\/indisplodovi\/wp-json\/wp\/v2\/pages\/307\" data-token=\"8b67af9f87bb39ee2c3342d3b45b7551\" data-token-time=\"1776782721\"><noscript class=\"wpforms-error-noscript\">Please enable JavaScript in your browser to complete this form.<\/noscript><div class=\"wpforms-field-container\"><div id=\"wpforms-313-field_1-container\" class=\"wpforms-field wpforms-field-name\" data-field-id=\"1\"><label class=\"wpforms-field-label\" for=\"wpforms-313-field_1\">Ime i prezime: <span class=\"wpforms-required-label\">*<\/span><\/label><input type=\"text\" id=\"wpforms-313-field_1\" class=\"wpforms-field-medium wpforms-field-required\" name=\"wpforms[fields][1]\" required><\/div><div id=\"wpforms-313-field_2-container\" class=\"wpforms-field wpforms-field-name\" data-field-id=\"2\"><label class=\"wpforms-field-label\" for=\"wpforms-313-field_2\">Organizacija:<\/label><input type=\"text\" id=\"wpforms-313-field_2\" class=\"wpforms-field-medium\" name=\"wpforms[fields][2]\" ><\/div><div id=\"wpforms-313-field_3-container\" class=\"wpforms-field wpforms-field-email\" data-field-id=\"3\"><label class=\"wpforms-field-label\" for=\"wpforms-313-field_3\">E-mail: <span class=\"wpforms-required-label\">*<\/span><\/label><input type=\"email\" id=\"wpforms-313-field_3\" class=\"wpforms-field-medium wpforms-field-required\" name=\"wpforms[fields][3]\" spellcheck=\"false\" required><\/div><div id=\"wpforms-313-field_4-container\" class=\"wpforms-field wpforms-field-text\" data-field-id=\"4\"><label class=\"wpforms-field-label\" for=\"wpforms-313-field_4\">Broj telefona:<\/label><input type=\"text\" id=\"wpforms-313-field_4\" class=\"wpforms-field-medium\" name=\"wpforms[fields][4]\" ><\/div><div id=\"wpforms-313-field_5-container\" class=\"wpforms-field wpforms-field-textarea\" data-field-id=\"5\"><label class=\"wpforms-field-label\" for=\"wpforms-313-field_5\">Kratka biografija:<\/label><textarea id=\"wpforms-313-field_5\" class=\"wpforms-field-medium wpforms-limit-characters-enabled\" data-form-id=\"313\" data-field-id=\"5\" data-text-limit=\"1200\" name=\"wpforms[fields][5]\" maxlength=\"1200\" ><\/textarea><div class=\"wpforms-field-description\">Molimo da sadr\u017eaj bude duljine do 1200 znakova.<\/div><\/div><div id=\"wpforms-313-field_6-container\" class=\"wpforms-field wpforms-field-textarea\" data-field-id=\"6\"><label class=\"wpforms-field-label\" for=\"wpforms-313-field_6\">Kratak opis programa:<\/label><textarea id=\"wpforms-313-field_6\" class=\"wpforms-field-medium wpforms-limit-characters-enabled\" data-form-id=\"313\" data-field-id=\"6\" data-text-limit=\"1800\" name=\"wpforms[fields][6]\" maxlength=\"1800\" ><\/textarea><div class=\"wpforms-field-description\">Molimo da sadr\u017eaj bude duljine do 1800 znakova.<\/div><\/div><\/div><!-- .wpforms-field-container --><div class=\"wpforms-submit-container\" ><input type=\"hidden\" name=\"wpforms[id]\" value=\"313\"><input type=\"hidden\" name=\"page_title\" value=\"\"><input type=\"hidden\" name=\"page_url\" value=\"http:\/\/www.huiu.hr\/indisplodovi\/wp-json\/wp\/v2\/pages\/307\"><input type=\"hidden\" name=\"url_referer\" value=\"\"><button type=\"submit\" name=\"wpforms[submit]\" id=\"wpforms-submit-313\" class=\"wpforms-submit\" data-alt-text=\"\u0160aljem\u2026\" data-submit-text=\"Po\u0161alji\" aria-live=\"assertive\" value=\"wpforms-submit\">Po\u0161alji<\/button><img loading=\"lazy\" decoding=\"async\" src=\"http:\/\/www.huiu.hr\/indisplodovi\/wp-content\/plugins\/wpforms-lite\/assets\/images\/submit-spin.svg\" class=\"wpforms-submit-spinner\" style=\"display: none;\" width=\"26\" height=\"26\" alt=\"Loading\"><\/div><\/form><\/div>  <!-- .wpforms-container -->    <\/div>\n<\/div>\n<!-- \/module text -->                    <\/div>\n                            <\/div>\n                        <div  data-lazy=\"1\" class=\"module_column sub_column col4-1 tb_zc5v237 last\">\n                                                <\/div>\n            \t    <\/div>\n\t<\/div><!-- \/themify_builder_sub_row -->\n\t                    <\/div>\n                            <\/div>\n            \t    <\/div>\n\t    <!-- \/row_inner -->\n\t<\/div>\n\t<!-- \/module_row -->\n\t<\/div>\n<!--\/themify_builder_content-->","protected":false},"excerpt":{"rendered":"<p>Za edukatore Dragi edukatori, digitalna platforma IN DIS PLODOVI osmi\u0161ljena je da bi vam pomogla u promociji va\u0161eg rada te vam omogu\u0107ila lak\u0161i kontakt s budu\u0107im polaznicima edukativnih radionica. Platforma nije isklju\u010divo namijenjena edukatorima koji su ujedno i \u010dlanovi HUiU. Ba\u0161 suprotno, namijenjena je svim kultuno-umjetni\u010dkim djelatnicima koji rade s djecom i mladima, ali nemaju, [&hellip;]<\/p>\n","protected":false},"author":1,"featured_media":0,"parent":0,"menu_order":0,"comment_status":"closed","ping_status":"closed","template":"","meta":{"footnotes":""},"class_list":["post-307","page","type-page","status-publish","hentry","has-post-title","has-post-date","has-post-category","has-post-tag","has-post-comment","has-post-author",""],"builder_content":"<h1>Za edukatore<br\/><\/h1>\n<img src=\"http:\/\/www.huiu.hr\/indisplodovi\/wp-content\/uploads\/2020\/12\/Za_edukatore.jpg\" title=\"Za_edukatore\" alt=\"Provoditelji edukativnih aktivnosti\" srcset=\"http:\/\/www.huiu.hr\/indisplodovi\/wp-content\/uploads\/2020\/12\/Za_edukatore.jpg 500w, http:\/\/www.huiu.hr\/indisplodovi\/wp-content\/uploads\/2020\/12\/Za_edukatore-300x300.jpg 300w, http:\/\/www.huiu.hr\/indisplodovi\/wp-content\/uploads\/2020\/12\/Za_edukatore-150x150.jpg 150w\" sizes=\"(max-width: 500px) 100vw, 500px\" \/>\n<h5>Dragi edukatori,<\/h5> <p>digitalna platforma IN DIS PLODOVI osmi\u0161ljena je da bi vam pomogla u promociji va\u0161eg rada te vam omogu\u0107ila lak\u0161i kontakt s budu\u0107im polaznicima edukativnih radionica. Platforma nije isklju\u010divo namijenjena edukatorima koji su ujedno i \u010dlanovi HUiU. Ba\u0161 suprotno, namijenjena je svim kultuno-umjetni\u010dkim djelatnicima koji rade s djecom i mladima, ali nemaju, primjerice, prostorne uvjete ili opremu potrebnu za odr\u017eavanje edukativnih radionica.<\/p> <p>I zato, po\u0161aljite nam putem ovog obrasca kratak sadr\u017eaj edukativnih radionica koje biste \u017eeljeli provoditi u prostoru HUiU-a. \u00a0Nakon \u0161to razmotrimo va\u0161u prijavu, javit \u0107emo vam se i u suradnji s vama dogovoriti na\u010din promocije i vrijeme odr\u017eavanja va\u0161e radionice.<\/p>\n<p>[wpforms id=\"313\" title=\"false\"]<\/p>","_links":{"self":[{"href":"http:\/\/www.huiu.hr\/indisplodovi\/wp-json\/wp\/v2\/pages\/307","targetHints":{"allow":["GET"]}}],"collection":[{"href":"http:\/\/www.huiu.hr\/indisplodovi\/wp-json\/wp\/v2\/pages"}],"about":[{"href":"http:\/\/www.huiu.hr\/indisplodovi\/wp-json\/wp\/v2\/types\/page"}],"author":[{"embeddable":true,"href":"http:\/\/www.huiu.hr\/indisplodovi\/wp-json\/wp\/v2\/users\/1"}],"replies":[{"embeddable":true,"href":"http:\/\/www.huiu.hr\/indisplodovi\/wp-json\/wp\/v2\/comments?post=307"}],"version-history":[{"count":11,"href":"http:\/\/www.huiu.hr\/indisplodovi\/wp-json\/wp\/v2\/pages\/307\/revisions"}],"predecessor-version":[{"id":427,"href":"http:\/\/www.huiu.hr\/indisplodovi\/wp-json\/wp\/v2\/pages\/307\/revisions\/427"}],"wp:attachment":[{"href":"http:\/\/www.huiu.hr\/indisplodovi\/wp-json\/wp\/v2\/media?parent=307"}],"curies":[{"name":"wp","href":"https:\/\/api.w.org\/{rel}","templated":true}]}}